{"id":39,"date":"2019-07-05T15:13:46","date_gmt":"2019-07-05T15:13:46","guid":{"rendered":"http:\/\/laraki.ma\/?page_id=39"},"modified":"2022-10-02T22:21:29","modified_gmt":"2022-10-02T22:21:29","slug":"home","status":"publish","type":"page","link":"https:\/\/laraki.ma\/","title":{"rendered":"Laboratoire de Fabrication Num\u00e9rique"},"content":{"rendered":"\n<figure class=\"wp-block-embed aligncenter is-type-video is-provider-youtube wp-block-embed-youtube wp-embed-aspect-16-9 wp-has-aspect-ratio\"><div class=\"wp-block-embed__wrapper\">\n<iframe loading=\"lazy\" title=\"Rim Laraki FabLab Manager Education 3D robotic\" width=\"1140\" height=\"641\" src=\"https:\/\/www.youtube.com\/embed\/HqbWeD3Dbps?feature=oembed\" frameborder=\"0\" allow=\"accelerometer; autoplay; clipboard-write; encrypted-media; gyroscope; picture-in-picture\" allowfullscreen><\/iframe>\n<\/div><\/figure>\n\n\n\n<div class=\"wp-container-3 wp-block-group\"><div class=\"wp-block-group__inner-container\">\n<figure class=\"wp-container-2 wp-block-gallery-1 wp-block-gallery has-nested-images columns-default is-cropped\">\n<figure class=\"wp-block-image\"><a href=\"https:\/\/twitter.com\/IEG_schools\/status\/1469226418936725506\" target=\"_blank\" rel=\"noreferrer noopener\"><img loading=\"lazy\" width=\"1024\" height=\"768\" src=\"http:\/\/laraki.ma\/wp-content\/uploads\/2020\/02\/IMG_5202-1024x768.jpg\" alt=\"\" class=\"wp-image-48\" srcset=\"https:\/\/laraki.ma\/wp-content\/uploads\/2020\/02\/IMG_5202-1024x768.jpg 1024w, https:\/\/laraki.ma\/wp-content\/uploads\/2020\/02\/IMG_5202-300x225.jpg 300w, https:\/\/laraki.ma\/wp-content\/uploads\/2020\/02\/IMG_5202-768x576.jpg 768w\" sizes=\"(max-width: 1024px) 100vw, 1024px\" \/><\/a><figcaption>Ultimaker 3D Machine<\/figcaption><\/figure>\n\n\n\n<figure class=\"wp-block-image\"><img loading=\"lazy\" width=\"1024\" height=\"768\" src=\"http:\/\/laraki.ma\/wp-content\/uploads\/2020\/02\/IMG_5207-1024x768.jpg\" alt=\"\" class=\"wp-image-49\" srcset=\"https:\/\/laraki.ma\/wp-content\/uploads\/2020\/02\/IMG_5207-1024x768.jpg 1024w, https:\/\/laraki.ma\/wp-content\/uploads\/2020\/02\/IMG_5207-300x225.jpg 300w, https:\/\/laraki.ma\/wp-content\/uploads\/2020\/02\/IMG_5207-768x576.jpg 768w\" sizes=\"(max-width: 1024px) 100vw, 1024px\" \/><figcaption>Atelier<\/figcaption><\/figure>\n\n\n\n<figure class=\"wp-block-image\"><a href=\"https:\/\/twitter.com\/IEG_schools\/status\/1525966473038110721\" target=\"_blank\" rel=\"noreferrer noopener\"><img loading=\"lazy\" width=\"1024\" height=\"768\" src=\"http:\/\/laraki.ma\/wp-content\/uploads\/2020\/02\/IMG_5201-1024x768.jpg\" alt=\"\" class=\"wp-image-50\" srcset=\"https:\/\/laraki.ma\/wp-content\/uploads\/2020\/02\/IMG_5201-1024x768.jpg 1024w, https:\/\/laraki.ma\/wp-content\/uploads\/2020\/02\/IMG_5201-300x225.jpg 300w, https:\/\/laraki.ma\/wp-content\/uploads\/2020\/02\/IMG_5201-768x576.jpg 768w\" sizes=\"(max-width: 1024px) 100vw, 1024px\" \/><\/a><figcaption>Salle de Machines<\/figcaption><\/figure>\n\n\n\n<figure class=\"wp-block-image\"><a href=\"https:\/\/twitter.com\/herve_brunet\/status\/1458043087037636609\" target=\"_blank\" rel=\"noreferrer noopener\"><img loading=\"lazy\" width=\"1024\" height=\"768\" src=\"http:\/\/laraki.ma\/wp-content\/uploads\/2020\/02\/IMG_5203-1024x768.jpg\" alt=\"\" class=\"wp-image-51\" srcset=\"https:\/\/laraki.ma\/wp-content\/uploads\/2020\/02\/IMG_5203-1024x768.jpg 1024w, https:\/\/laraki.ma\/wp-content\/uploads\/2020\/02\/IMG_5203-300x225.jpg 300w, https:\/\/laraki.ma\/wp-content\/uploads\/2020\/02\/IMG_5203-768x576.jpg 768w\" sizes=\"(max-width: 1024px) 100vw, 1024px\" \/><\/a><figcaption>Robotics Space<\/figcaption><\/figure>\n\n\n\n<figure class=\"wp-block-image size-large\"><a href=\"https:\/\/twitter.com\/IEG_schools\/status\/1478025386600673285\" target=\"_blank\" rel=\"noreferrer noopener\"><img loading=\"lazy\" width=\"1024\" height=\"1365\" src=\"https:\/\/laraki.ma\/wp-content\/uploads\/2022\/10\/WhatsApp-Image-2022-10-02-at-21.39.49-1024x1365.jpeg\" alt=\"\" class=\"wp-image-88\" srcset=\"https:\/\/laraki.ma\/wp-content\/uploads\/2022\/10\/WhatsApp-Image-2022-10-02-at-21.39.49-1024x1365.jpeg 1024w, https:\/\/laraki.ma\/wp-content\/uploads\/2022\/10\/WhatsApp-Image-2022-10-02-at-21.39.49-300x400.jpeg 300w, https:\/\/laraki.ma\/wp-content\/uploads\/2022\/10\/WhatsApp-Image-2022-10-02-at-21.39.49-150x200.jpeg 150w, https:\/\/laraki.ma\/wp-content\/uploads\/2022\/10\/WhatsApp-Image-2022-10-02-at-21.39.49-768x1024.jpeg 768w, https:\/\/laraki.ma\/wp-content\/uploads\/2022\/10\/WhatsApp-Image-2022-10-02-at-21.39.49-1152x1536.jpeg 1152w, https:\/\/laraki.ma\/wp-content\/uploads\/2022\/10\/WhatsApp-Image-2022-10-02-at-21.39.49.jpeg 1200w\" sizes=\"(max-width: 1024px) 100vw, 1024px\" \/><\/a><figcaption>WeDo 2.0<\/figcaption><\/figure>\n\n\n\n<figure class=\"wp-block-image\"><img loading=\"lazy\" width=\"1024\" height=\"768\" src=\"http:\/\/laraki.ma\/wp-content\/uploads\/2020\/02\/IMG_5205-1024x768.jpg\" alt=\"\" class=\"wp-image-52\" srcset=\"https:\/\/laraki.ma\/wp-content\/uploads\/2020\/02\/IMG_5205-1024x768.jpg 1024w, https:\/\/laraki.ma\/wp-content\/uploads\/2020\/02\/IMG_5205-300x225.jpg 300w, https:\/\/laraki.ma\/wp-content\/uploads\/2020\/02\/IMG_5205-768x576.jpg 768w\" sizes=\"(max-width: 1024px) 100vw, 1024px\" \/><figcaption>salle Num\u00e9rique<\/figcaption><\/figure>\n<\/figure>\n<\/div><\/div>\n\n\n\n<blockquote class=\"wp-block-quote has-text-align-center\"><p>    <strong> **Fablab** <\/strong> <\/p><p><br>Les Fab Labs sont un r\u00e9seau mondial de laboratoires locaux, qui dopent l\u2019inventivit\u00e9 en donnant acc\u00e8s \u00e0 des outils de fabrication num\u00e9rique.<\/p><cite> Un Fab Lab (contraction de l&rsquo;anglais fabrication laboratory, \u00ab laboratoire de fabrication \u00bb) est un lieu ouvert au public o\u00f9 il est mis \u00e0 sa disposition toutes sortes d&rsquo;outils, notamment des machines-outils pilot\u00e9es par ordinateur, pour la conception et la r\u00e9alisation d&rsquo;objets<\/cite><\/blockquote>\n\n\n\n<h3> Qu&rsquo;est-ce que l&rsquo;impression 3D ? <\/h3>\n\n\n\n<p class=\"has-text-align-left\"> Une technologie disruptive en phase de bouleverser les choses Vous en avez certainement entendu parler dans les journaux, \u00e0 la t\u00e9l\u00e9 ou encore par un ami \u00e0 la pointe de la technologie : la vague de l\u2019impression 3D d\u00e9ferle sur le monde et arrive chez les particuliers et professionnels, ou elle s&rsquo;impose en premier lieu. Beaucoup la consid\u00e8rent d\u00e9j\u00e0 comme la&nbsp;4\u00e8me r\u00e9volution industrielle&nbsp;tant cette technologie disruptive a le pouvoir de<br> bouleverser la fa\u00e7on de produire.<\/p>\n\n\n\n<p class=\"has-text-align-left\"><strong>Personnalisation et customisation<\/strong><br> L\u2019impression 3D n\u2019est pas nouvelle, mais elle devient aujourd\u2019hui&nbsp;accessible financi\u00e8rement et techniquement&nbsp;au plus grand nombre. Dans un monde o\u00f9 nos besoins se font de plus en plus sp\u00e9cifiques, un monde dans lequel la r\u00e9activit\u00e9 et l\u2019adaptabilit\u00e9 est clef, et dans lequel le&nbsp;tout personnalis\u00e9&nbsp;est une tendance croissante forte, l\u2019impression 3D est une technologie en passe<br> de devenir incontournable pour tous, et indispensable dans le monde professionnel.<\/p>\n\n\n\n<h3> Comment fonctionne l&rsquo;impression 3D ? <\/h3>\n\n\n\n<p><br> L\u2019impression 3D permet de r\u00e9aliser en&nbsp;3 dimensions&nbsp;tous les objets que vous souhaitez, presque aussi simplement que vous imprimez en \u00ab 2D \u00bb sur votre imprimante papier de bureau\u2026Vous fournissez le fichier \u00e0 imprimer (un mod\u00e8le 3D t\u00e9l\u00e9charg\u00e9, ou de votre cr\u00e9ation), vous effectuez quelques r\u00e9glages, et vous lancez l\u2019impression !<\/p>\n\n\n\n<h2>Pourquoi l&rsquo;utiliser?<\/h2>\n\n\n\n<p>On sait depuis longtemps que travailler avec du texte lisible et contenant du sens est source de distractions, et emp\u00eache de se concentrer sur la mise en page elle-m\u00eame. L&rsquo;avantage du Lorem Ipsum sur un texte g\u00e9n\u00e9rique comme &lsquo;Du texte. Du texte. Du texte.&rsquo; est qu&rsquo;il poss\u00e8de une distribution de lettres plus ou moins normale, et en tout cas comparable avec celle du fran\u00e7ais standard. De nombreuses suites logicielles de mise en page ou \u00e9diteurs de sites Web ont fait du Lorem Ipsum leur faux texte par d\u00e9faut, et une recherche pour &lsquo;Lorem Ipsum&rsquo; vous conduira vers de nombreux sites qui n&rsquo;en sont encore qu&rsquo;\u00e0 leur phase de construction. Plusieurs versions sont apparues avec le temps, parfois par accident, souvent intentionnellement (histoire d&rsquo;y rajouter de petits clins d&rsquo;oeil, voire des phrases embarassantes).<br><\/p>\n\n\n\n<figure class=\"wp-block-video\"><\/figure>\n\n\n\n<figure class=\"wp-block-video\"><\/figure>\n\n\n\n<figure class=\"wp-block-video\"><\/figure>\n\n\n\n<figure class=\"wp-block-video\"><\/figure>\n","protected":false},"excerpt":{"rendered":"<p>**Fablab** Les Fab Labs sont un r\u00e9seau mondial de laboratoires locaux, qui dopent l\u2019inventivit\u00e9 en donnant acc\u00e8s \u00e0 des outils&hellip; <a class=\"read-more\" href=\"https:\/\/laraki.ma\/\">Continuer la lecture<\/a><\/p>\n","protected":false},"author":1,"featured_media":0,"parent":0,"menu_order":0,"comment_status":"closed","ping_status":"closed","template":"full-width.php","meta":[],"_links":{"self":[{"href":"https:\/\/laraki.ma\/index.php\/wp-json\/wp\/v2\/pages\/39"}],"collection":[{"href":"https:\/\/laraki.ma\/index.php\/wp-json\/wp\/v2\/pages"}],"about":[{"href":"https:\/\/laraki.ma\/index.php\/wp-json\/wp\/v2\/types\/page"}],"author":[{"embeddable":true,"href":"https:\/\/laraki.ma\/index.php\/wp-json\/wp\/v2\/users\/1"}],"replies":[{"embeddable":true,"href":"https:\/\/laraki.ma\/index.php\/wp-json\/wp\/v2\/comments?post=39"}],"version-history":[{"count":19,"href":"https:\/\/laraki.ma\/index.php\/wp-json\/wp\/v2\/pages\/39\/revisions"}],"predecessor-version":[{"id":102,"href":"https:\/\/laraki.ma\/index.php\/wp-json\/wp\/v2\/pages\/39\/revisions\/102"}],"wp:attachment":[{"href":"https:\/\/laraki.ma\/index.php\/wp-json\/wp\/v2\/media?parent=39"}],"curies":[{"name":"wp","href":"https:\/\/api.w.org\/{rel}","templated":true}]}}