{"id":21,"date":"2019-07-05T14:54:26","date_gmt":"2019-07-05T14:54:26","guid":{"rendered":"http:\/\/laraki.ma\/?page_id=21"},"modified":"2020-02-11T12:44:20","modified_gmt":"2020-02-11T12:44:20","slug":"about","status":"publish","type":"page","link":"https:\/\/laraki.ma\/index.php\/about\/","title":{"rendered":"About"},"content":{"rendered":"\n<p> Ce site web est pour objectif de vous montrer un peux les nouvelles technologies qu&rsquo;on a au sein du laboratoire de Fabrication\u00a0Num\u00e9rique. <\/p>\n\n\n\n<figure class=\"wp-block-embed-wordpress wp-block-embed is-type-wp-embed is-provider-3-d-printing\"><div class=\"wp-block-embed__wrapper\">\nhttps:\/\/3dprinting.com\/\n<\/div><\/figure>\n\n\n\n<p><a href=\"https:\/\/www.sculpteo.com\/fr\/glossaire\/decoupe-laser-definition\/\">https:\/\/www.sculpteo.com\/fr\/glossaire\/decoupe-laser-definition\/<\/a><\/p>\n\n\n\n<p> <strong>Le\u00a0<a rel=\"noreferrer noopener\" href=\"http:\/\/numerifab.jimdo.com\/\" target=\"_blank\">Num\u00e9riFAB<\/a><\/strong>\u00a0a pour objectif d\u2019\u00e9tendre le champ d\u2019actions du\u00a0<a rel=\"noreferrer noopener\" href=\"http:\/\/www.lenumeripole.fr\/\" target=\"_blank\">Num\u00e9rip\u00f4le<\/a>\u00a0(EPN), lui permettant d\u2019exercer de nouvelles missions pour lutter contre les diff\u00e9rentes formes d\u2019exclusion num\u00e9rique.\u00a0Un Fab-Lab est un laboratoire de fabrication, un atelier de prototypage \u00e0 la demande, compos\u00e9 de machines-outils pilot\u00e9es par ordinateur et destin\u00e9 \u00e0 tous : utilisateurs, \u00e9tudiants, lyc\u00e9ens, coll\u00e9giens, cr\u00e9atifs, bricoleurs du XXI\u00e8me si\u00e8cle, artistes, artisans, commer\u00e7ants\u2026<br>Gr\u00e2ce \u00e0 des interfaces informatiques, \u00abergonomiques \u00bb et de plus en plus interop\u00e9rables, il devient plus ais\u00e9 pour des usagers non-sp\u00e9cialistes de prendre le contr\u00f4le d\u2019outils techniques. L\u2019avantage particulier d\u2019un Fab-Lab est qu\u2019il facilite la mat\u00e9rialisation du num\u00e9rique, la collaboration, les liens, les \u00e9changes. Il s\u2019inscrit pleinement dans l\u2019objectif de r\u00e9duction de la fracture num\u00e9rique et dans l\u2019intelligence collective.<br>Le Fab-Lab participe de la r\u00e9appropriation des technologies par les citoyens. Il les d\u00e9mystifie, en facilite le d\u00e9cryptage et permet, par une meilleure compr\u00e9hension de leur fonctionnement, de les remettre au service des utilisateurs, pour la satisfaction de leurs propres besoins. Il intensifie la facult\u00e9 du num\u00e9rique \u00e0 \u00e9largir les capacit\u00e9s de participation et d\u2019intervention des citoyens sur leur quotidien, leur environnement imm\u00e9diat, leur espace de vie. <\/p>\n","protected":false},"excerpt":{"rendered":"<p>Ce site web est pour objectif de vous montrer un peux les nouvelles technologies qu&rsquo;on a au sein du laboratoire&hellip; <a class=\"read-more\" href=\"https:\/\/laraki.ma\/index.php\/about\/\">Continuer la lecture<\/a><\/p>\n","protected":false},"author":1,"featured_media":0,"parent":0,"menu_order":0,"comment_status":"closed","ping_status":"closed","template":"","meta":[],"_links":{"self":[{"href":"https:\/\/laraki.ma\/index.php\/wp-json\/wp\/v2\/pages\/21"}],"collection":[{"href":"https:\/\/laraki.ma\/index.php\/wp-json\/wp\/v2\/pages"}],"about":[{"href":"https:\/\/laraki.ma\/index.php\/wp-json\/wp\/v2\/types\/page"}],"author":[{"embeddable":true,"href":"https:\/\/laraki.ma\/index.php\/wp-json\/wp\/v2\/users\/1"}],"replies":[{"embeddable":true,"href":"https:\/\/laraki.ma\/index.php\/wp-json\/wp\/v2\/comments?post=21"}],"version-history":[{"count":3,"href":"https:\/\/laraki.ma\/index.php\/wp-json\/wp\/v2\/pages\/21\/revisions"}],"predecessor-version":[{"id":74,"href":"https:\/\/laraki.ma\/index.php\/wp-json\/wp\/v2\/pages\/21\/revisions\/74"}],"wp:attachment":[{"href":"https:\/\/laraki.ma\/index.php\/wp-json\/wp\/v2\/media?parent=21"}],"curies":[{"name":"wp","href":"https:\/\/api.w.org\/{rel}","templated":true}]}}